{"id":3158,"date":"2020-07-18T10:03:11","date_gmt":"2020-07-18T10:03:11","guid":{"rendered":"https:\/\/hospitalalliancegroup.com\/services\/"},"modified":"2026-01-20T01:43:41","modified_gmt":"2026-01-20T01:43:41","slug":"services","status":"publish","type":"page","link":"https:\/\/hospitalalliancegroup.com\/fr\/services\/","title":{"rendered":"Services"},"content":{"rendered":"<div class=\"wpb-content-wrapper\"><p>[vc_row full_width=\u00a0\u00bbstretch_row\u00a0\u00bb parallax_speed=\u00a0\u00bb4&Prime; parallax_x=\u00a0\u00bb4&Prime; parallax_y=\u00a0\u00bb4&Prime; css=\u00a0\u00bb.vc_custom_1595066553859{padding-top: 100px !important;padding-bottom: 76px !important;}\u00a0\u00bb el_id=\u00a0\u00bbservices\u00a0\u00bb][vc_column][vc_row_inner][vc_column_inner]<div class=\"title-section  style3\">\n\t\t<h1 class=\"title\">\n\t\t\tServices\t\t\t\n\t\t<\/h1>\t\t\n\t\t\n\t\t\t<div class=\"title-content\">\n\t\t\t\t<p align=\"LEFT\">Une gamme compl\u00e8te de programmes pouvant \u00eatre int\u00e9gr\u00e9s \u00e0 vos activit\u00e9s de traitement du sommeil ou les compl\u00e9ter. Travaillant en \u00e9troite collaboration avec un laboratoire IHF pour l\u2019assurance qualit\u00e9, Hospital Alliance Group poss\u00e8de une vaste exp\u00e9rience dans les services de laboratoires du sommeil et de tests de fonction pulmonaire en milieu hospitalier. <\/p>\n\n\t\t\t<\/div>\n\n\t<\/div>[vc_empty_space height=\u00a0\u00bb20px\u00a0\u00bb][\/vc_column_inner][\/vc_row_inner][vc_row_inner][vc_column_inner width=\u00a0\u00bb1\/3&Prime;]<div class=\"flat-iconbox iconbox-style1 left rounded\">\n\t\t<div class=\"flat-iconbox-header\">\n\t\t\t<div class=\"flat-iconbox-icon\"><span class=\"\"><\/span><\/div>\n\t\t\t<h4 class=\"flat-iconbox-title\">REVUE, OPTIMISATION ET GESTION DES PROGRAMMES DU SOMMEIL<\/h4>\n\t\t\t\n\t\t<\/div>\n\t\t<div class=\"flat-iconbox-content\">\n\t\t\tNous aidons les communaut\u00e9s rurales et mal desservies \u00e0 surmonter les co\u00fbts de d\u00e9marrage li\u00e9s \u00e0 la cr\u00e9ation et \u00e0 la gestion des laboratoires du sommeil, y compris les d\u00e9fis li\u00e9s au personnel et aux op\u00e9rations.\n\t\t\t\n\t\t<\/div>\n\t<\/div>[vc_empty_space height=\u00a0\u00bb35px\u00a0\u00bb][\/vc_column_inner][vc_column_inner width=\u00a0\u00bb1\/3&Prime;]<div class=\"flat-iconbox iconbox-style1 left rounded\">\n\t\t<div class=\"flat-iconbox-header\">\n\t\t\t<div class=\"flat-iconbox-icon\"><span class=\"\"><\/span><\/div>\n\t\t\t<h4 class=\"flat-iconbox-title\">SERVICES DE LABORATOIRE DE FONCTION PULMONAIRE<\/h4>\n\t\t\t\n\t\t<\/div>\n\t\t<div class=\"flat-iconbox-content\">\n\t\t\tNotre \u00e9quipement de diagnostic \u00e0 la fine pointe de la technologie permet des soins du sommeil complets, offrant des tests et des traitements approfondis pour une large gamme de troubles respiratoires et de troubles du sommeil, tant pour les patients hospitalis\u00e9s que pour les patients externes.\n\t\t\t\n\t\t<\/div>\n\t<\/div>[vc_empty_space height=\u00a0\u00bb35px\u00a0\u00bb][\/vc_column_inner][vc_column_inner width=\u00a0\u00bb1\/3&Prime;]<div class=\"flat-iconbox iconbox-style1 left rounded\">\n\t\t<div class=\"flat-iconbox-header\">\n\t\t\t<div class=\"flat-iconbox-icon\"><span class=\"\"><\/span><\/div>\n\t\t\t<h4 class=\"flat-iconbox-title\">CONSULTATION ET ACC\u00c8S \u00c0 UN R\u00c9SEAU DE SP\u00c9CIALISTES DU SOMMEIL<\/h4>\n\t\t\t\n\t\t<\/div>\n\t\t<div class=\"flat-iconbox-content\">\n\t\t\tAugmentez votre capacit\u00e9 de soins gr\u00e2ce \u00e0 notre \u00e9quipe exp\u00e9riment\u00e9e, comprenant des techniciens en polysomnographie, des inhaloth\u00e9rapeutes et des sp\u00e9cialistes du sommeil, qui b\u00e9n\u00e9ficient tous d\u2019une formation continue afin de maintenir l\u2019excellence des soins du sommeil.\n\t\t\t\n\t\t<\/div>\n\t<\/div>[vc_empty_space height=\u00a0\u00bb35px\u00a0\u00bb][\/vc_column_inner][\/vc_row_inner][\/vc_column][\/vc_row][vc_row full_width=\u00a0\u00bbstretch_row\u00a0\u00bb parallax=\u00a0\u00bbcontent-moving\u00a0\u00bb parallax_image=\u00a0\u00bb2652&Prime; parallax_speed_bg=\u00a0\u00bb3&Prime; css=\u00a0\u00bb.vc_custom_1686860543198{padding-top: 35px !important;padding-bottom: 35px !important;background-image: url(http:\/\/hospitalalliancegroup.com\/wp-content\/uploads\/2020\/09\/Services_Advantages_of_working_with_HAG_Banner.jpg?id=1919) !important;background-position: center;background-repeat: no-repeat;background-size: cover !important;}\u00a0\u00bb][vc_column][vc_custom_heading text=\u00a0\u00bbAvantages de s\u2019associer \u00e0 Hospital Alliance Group\u00a0\u00bb font_container=\u00a0\u00bbtag:h3|text_align:center|color:%234f4f4f\u00a0\u00bb use_theme_fonts=\u00a0\u00bbyes\u00a0\u00bb][vc_empty_space height=\u00a0\u00bb20px\u00a0\u00bb][vc_column_text]<\/p>\n<h4 style=\"text-align: center; color: white;\"><span style=\"color: #4f4f4f;\">Acc\u00e8s am\u00e9lior\u00e9 aux soins du sommeil pour les patients<\/span><\/h4>\n<h4 style=\"text-align: center; color: white;\"><span style=\"color: #4f4f4f;\">Acc\u00e8s complet aux sp\u00e9cialistes du sommeil<\/span><\/h4>\n<h4 style=\"text-align: center; color: white;\"><span style=\"color: #4f4f4f;\">Un programme complet et int\u00e9gr\u00e9 pour les op\u00e9rations des laboratoires du sommeil<\/span><\/h4>\n<p>[\/vc_column_text][\/vc_column][vc_column][\/vc_column][\/vc_row][vc_row full_width=\u00a0\u00bbstretch_row\u00a0\u00bb content_placement=\u00a0\u00bbmiddle\u00a0\u00bb parallax_speed=\u00a0\u00bb4&Prime; parallax_x=\u00a0\u00bb4&Prime; parallax_y=\u00a0\u00bb4&Prime; css=\u00a0\u00bb.vc_custom_1727405706847{padding-top: 10px !important;padding-bottom: 10px !important;background-color: #f7f7f7 !important;}\u00a0\u00bb][vc_column][vc_row_inner content_placement=\u00a0\u00bbmiddle\u00a0\u00bb css=\u00a0\u00bb.vc_custom_1581689530125{background-color: #f7f7f7 !important;}\u00a0\u00bb][vc_column_inner][vc_single_image image=\u00a0\u00bb3120&Prime; img_size=\u00a0\u00bbFull\u00a0\u00bb alignment=\u00a0\u00bbcenter\u00a0\u00bb css=\u00a0\u00bb\u00a0\u00bb][\/vc_column_inner][\/vc_row_inner][\/vc_column][\/vc_row]<\/p>\n<\/div>","protected":false},"excerpt":{"rendered":"<p>[vc_row full_width=\u00a0\u00bbstretch_row\u00a0\u00bb parallax_speed=\u00a0\u00bb4&Prime; parallax_x=\u00a0\u00bb4&Prime; parallax_y=\u00a0\u00bb4&Prime; css=\u00a0\u00bb.vc_custom_1595066553859{padding-top: 100px !important;padding-bottom: 76px !important;}\u00a0\u00bb el_id=\u00a0\u00bbservices\u00a0\u00bb][vc_column][vc_row_inner][vc_column_inner][vc_empty_space height=\u00a0\u00bb20px\u00a0\u00bb][\/vc_column_inner][\/vc_row_inner][vc_row_inner][vc_column_inner width=\u00a0\u00bb1\/3&Prime;][vc_empty_space height=\u00a0\u00bb35px\u00a0\u00bb][\/vc_column_inner][vc_column_inner width=\u00a0\u00bb1\/3&Prime;][vc_empty_space height=\u00a0\u00bb35px\u00a0\u00bb][\/vc_column_inner][vc_column_inner width=\u00a0\u00bb1\/3&Prime;][vc_empty_space height=\u00a0\u00bb35px\u00a0\u00bb][\/vc_column_inner][\/vc_row_inner][\/vc_column][\/vc_row][vc_row full_width=\u00a0\u00bbstretch_row\u00a0\u00bb parallax=\u00a0\u00bbcontent-moving\u00a0\u00bb parallax_image=\u00a0\u00bb2652&Prime; parallax_speed_bg=\u00a0\u00bb3&Prime; css=\u00a0\u00bb.vc_custom_1686860543198{padding-top: 35px !important;padding-bottom: 35px !important;background-image: url(http:\/\/hospitalalliancegroup.com\/wp-content\/uploads\/2020\/09\/Services_Advantages_of_working_with_HAG_Banner.jpg?id=1919) !important;background-position: center;background-repeat: no-repeat;background-size: cover !important;}\u00a0\u00bb][vc_column][vc_custom_heading text=\u00a0\u00bbAvantages de s\u2019associer \u00e0 Hospital Alliance Group\u00a0\u00bb font_container=\u00a0\u00bbtag:h3|text_align:center|color:%234f4f4f\u00a0\u00bb use_theme_fonts=\u00a0\u00bbyes\u00a0\u00bb][vc_empty_space height=\u00a0\u00bb20px\u00a0\u00bb][vc_column_text] Acc\u00e8s am\u00e9lior\u00e9 aux soins du sommeil pour les [&hellip;]<\/p>\n","protected":false},"author":1,"featured_media":0,"parent":0,"menu_order":0,"comment_status":"closed","ping_status":"closed","template":"tpl\/page_fullwidth.php","meta":{"footnotes":""},"class_list":["post-3158","page","type-page","status-publish","hentry"],"yoast_head":"<!-- This site is optimized with the Yoast SEO plugin v24.4 - https:\/\/yoast.com\/wordpress\/plugins\/seo\/ -->\n<title>Services - Hospital Alliance Group<\/title>\n<meta name=\"robots\" content=\"index, follow, max-snippet:-1, max-image-preview:large, max-video-preview:-1\" \/>\n<link rel=\"canonical\" href=\"https:\/\/hospitalalliancegroup.com\/fr\/services\/\" \/>\n<meta property=\"og:locale\" content=\"fr_FR\" \/>\n<meta property=\"og:type\" content=\"article\" \/>\n<meta property=\"og:title\" content=\"Services - Hospital Alliance Group\" \/>\n<meta property=\"og:description\" content=\"[vc_row full_width=\u00a0\u00bbstretch_row\u00a0\u00bb parallax_speed=\u00a0\u00bb4&Prime; parallax_x=\u00a0\u00bb4&Prime; parallax_y=\u00a0\u00bb4&Prime; css=\u00a0\u00bb.vc_custom_1595066553859{padding-top: 100px !important;padding-bottom: 76px !important;}\u00a0\u00bb el_id=\u00a0\u00bbservices\u00a0\u00bb][vc_column][vc_row_inner][vc_column_inner][vc_empty_space height=\u00a0\u00bb20px\u00a0\u00bb][\/vc_column_inner][\/vc_row_inner][vc_row_inner][vc_column_inner width=\u00a0\u00bb1\/3&Prime;][vc_empty_space height=\u00a0\u00bb35px\u00a0\u00bb][\/vc_column_inner][vc_column_inner width=\u00a0\u00bb1\/3&Prime;][vc_empty_space height=\u00a0\u00bb35px\u00a0\u00bb][\/vc_column_inner][vc_column_inner width=\u00a0\u00bb1\/3&Prime;][vc_empty_space height=\u00a0\u00bb35px\u00a0\u00bb][\/vc_column_inner][\/vc_row_inner][\/vc_column][\/vc_row][vc_row full_width=\u00a0\u00bbstretch_row\u00a0\u00bb parallax=\u00a0\u00bbcontent-moving\u00a0\u00bb parallax_image=\u00a0\u00bb2652&Prime; parallax_speed_bg=\u00a0\u00bb3&Prime; css=\u00a0\u00bb.vc_custom_1686860543198{padding-top: 35px !important;padding-bottom: 35px !important;background-image: url(http:\/\/hospitalalliancegroup.com\/wp-content\/uploads\/2020\/09\/Services_Advantages_of_working_with_HAG_Banner.jpg?id=1919) !important;background-position: center;background-repeat: no-repeat;background-size: cover !important;}\u00a0\u00bb][vc_column][vc_custom_heading text=\u00a0\u00bbAvantages de s\u2019associer \u00e0 Hospital Alliance Group\u00a0\u00bb font_container=\u00a0\u00bbtag:h3|text_align:center|color:%234f4f4f\u00a0\u00bb use_theme_fonts=\u00a0\u00bbyes\u00a0\u00bb][vc_empty_space height=\u00a0\u00bb20px\u00a0\u00bb][vc_column_text] Acc\u00e8s am\u00e9lior\u00e9 aux soins du sommeil pour les [&hellip;]\" \/>\n<meta property=\"og:url\" content=\"https:\/\/hospitalalliancegroup.com\/fr\/services\/\" \/>\n<meta property=\"og:site_name\" content=\"Hospital Alliance Group\" \/>\n<meta property=\"article:modified_time\" content=\"2026-01-20T01:43:41+00:00\" \/>\n<meta name=\"twitter:card\" content=\"summary_large_image\" \/>\n<meta name=\"twitter:label1\" content=\"Dur\u00e9e de lecture estim\u00e9e\" \/>\n\t<meta name=\"twitter:data1\" content=\"3 minutes\" \/>\n<script type=\"application\/ld+json\" class=\"yoast-schema-graph\">{\"@context\":\"https:\/\/schema.org\",\"@graph\":[{\"@type\":\"WebPage\",\"@id\":\"https:\/\/hospitalalliancegroup.com\/fr\/services\/\",\"url\":\"https:\/\/hospitalalliancegroup.com\/fr\/services\/\",\"name\":\"Services - Hospital Alliance Group\",\"isPartOf\":{\"@id\":\"https:\/\/hospitalalliancegroup.com\/fr\/#website\"},\"datePublished\":\"2020-07-18T10:03:11+00:00\",\"dateModified\":\"2026-01-20T01:43:41+00:00\",\"breadcrumb\":{\"@id\":\"https:\/\/hospitalalliancegroup.com\/fr\/services\/#breadcrumb\"},\"inLanguage\":\"fr-FR\",\"potentialAction\":[{\"@type\":\"ReadAction\",\"target\":[\"https:\/\/hospitalalliancegroup.com\/fr\/services\/\"]}]},{\"@type\":\"BreadcrumbList\",\"@id\":\"https:\/\/hospitalalliancegroup.com\/fr\/services\/#breadcrumb\",\"itemListElement\":[{\"@type\":\"ListItem\",\"position\":1,\"name\":\"Home\",\"item\":\"https:\/\/hospitalalliancegroup.com\/fr\/accueil\/\"},{\"@type\":\"ListItem\",\"position\":2,\"name\":\"Services\"}]},{\"@type\":\"WebSite\",\"@id\":\"https:\/\/hospitalalliancegroup.com\/fr\/#website\",\"url\":\"https:\/\/hospitalalliancegroup.com\/fr\/\",\"name\":\"Hospital Alliance Group\",\"description\":\"\",\"potentialAction\":[{\"@type\":\"SearchAction\",\"target\":{\"@type\":\"EntryPoint\",\"urlTemplate\":\"https:\/\/hospitalalliancegroup.com\/fr\/?s={search_term_string}\"},\"query-input\":{\"@type\":\"PropertyValueSpecification\",\"valueRequired\":true,\"valueName\":\"search_term_string\"}}],\"inLanguage\":\"fr-FR\"}]}<\/script>\n<!-- \/ Yoast SEO plugin. -->","yoast_head_json":{"title":"Services - Hospital Alliance Group","robots":{"index":"index","follow":"follow","max-snippet":"max-snippet:-1","max-image-preview":"max-image-preview:large","max-video-preview":"max-video-preview:-1"},"canonical":"https:\/\/hospitalalliancegroup.com\/fr\/services\/","og_locale":"fr_FR","og_type":"article","og_title":"Services - Hospital Alliance Group","og_description":"[vc_row full_width=\u00a0\u00bbstretch_row\u00a0\u00bb parallax_speed=\u00a0\u00bb4&Prime; parallax_x=\u00a0\u00bb4&Prime; parallax_y=\u00a0\u00bb4&Prime; css=\u00a0\u00bb.vc_custom_1595066553859{padding-top: 100px !important;padding-bottom: 76px !important;}\u00a0\u00bb el_id=\u00a0\u00bbservices\u00a0\u00bb][vc_column][vc_row_inner][vc_column_inner][vc_empty_space height=\u00a0\u00bb20px\u00a0\u00bb][\/vc_column_inner][\/vc_row_inner][vc_row_inner][vc_column_inner width=\u00a0\u00bb1\/3&Prime;][vc_empty_space height=\u00a0\u00bb35px\u00a0\u00bb][\/vc_column_inner][vc_column_inner width=\u00a0\u00bb1\/3&Prime;][vc_empty_space height=\u00a0\u00bb35px\u00a0\u00bb][\/vc_column_inner][vc_column_inner width=\u00a0\u00bb1\/3&Prime;][vc_empty_space height=\u00a0\u00bb35px\u00a0\u00bb][\/vc_column_inner][\/vc_row_inner][\/vc_column][\/vc_row][vc_row full_width=\u00a0\u00bbstretch_row\u00a0\u00bb parallax=\u00a0\u00bbcontent-moving\u00a0\u00bb parallax_image=\u00a0\u00bb2652&Prime; parallax_speed_bg=\u00a0\u00bb3&Prime; css=\u00a0\u00bb.vc_custom_1686860543198{padding-top: 35px !important;padding-bottom: 35px !important;background-image: url(http:\/\/hospitalalliancegroup.com\/wp-content\/uploads\/2020\/09\/Services_Advantages_of_working_with_HAG_Banner.jpg?id=1919) !important;background-position: center;background-repeat: no-repeat;background-size: cover !important;}\u00a0\u00bb][vc_column][vc_custom_heading text=\u00a0\u00bbAvantages de s\u2019associer \u00e0 Hospital Alliance Group\u00a0\u00bb font_container=\u00a0\u00bbtag:h3|text_align:center|color:%234f4f4f\u00a0\u00bb use_theme_fonts=\u00a0\u00bbyes\u00a0\u00bb][vc_empty_space height=\u00a0\u00bb20px\u00a0\u00bb][vc_column_text] Acc\u00e8s am\u00e9lior\u00e9 aux soins du sommeil pour les [&hellip;]","og_url":"https:\/\/hospitalalliancegroup.com\/fr\/services\/","og_site_name":"Hospital Alliance Group","article_modified_time":"2026-01-20T01:43:41+00:00","twitter_card":"summary_large_image","twitter_misc":{"Dur\u00e9e de lecture estim\u00e9e":"3 minutes"},"schema":{"@context":"https:\/\/schema.org","@graph":[{"@type":"WebPage","@id":"https:\/\/hospitalalliancegroup.com\/fr\/services\/","url":"https:\/\/hospitalalliancegroup.com\/fr\/services\/","name":"Services - Hospital Alliance Group","isPartOf":{"@id":"https:\/\/hospitalalliancegroup.com\/fr\/#website"},"datePublished":"2020-07-18T10:03:11+00:00","dateModified":"2026-01-20T01:43:41+00:00","breadcrumb":{"@id":"https:\/\/hospitalalliancegroup.com\/fr\/services\/#breadcrumb"},"inLanguage":"fr-FR","potentialAction":[{"@type":"ReadAction","target":["https:\/\/hospitalalliancegroup.com\/fr\/services\/"]}]},{"@type":"BreadcrumbList","@id":"https:\/\/hospitalalliancegroup.com\/fr\/services\/#breadcrumb","itemListElement":[{"@type":"ListItem","position":1,"name":"Home","item":"https:\/\/hospitalalliancegroup.com\/fr\/accueil\/"},{"@type":"ListItem","position":2,"name":"Services"}]},{"@type":"WebSite","@id":"https:\/\/hospitalalliancegroup.com\/fr\/#website","url":"https:\/\/hospitalalliancegroup.com\/fr\/","name":"Hospital Alliance Group","description":"","potentialAction":[{"@type":"SearchAction","target":{"@type":"EntryPoint","urlTemplate":"https:\/\/hospitalalliancegroup.com\/fr\/?s={search_term_string}"},"query-input":{"@type":"PropertyValueSpecification","valueRequired":true,"valueName":"search_term_string"}}],"inLanguage":"fr-FR"}]}},"_links":{"self":[{"href":"https:\/\/hospitalalliancegroup.com\/fr\/wp-json\/wp\/v2\/pages\/3158","targetHints":{"allow":["GET"]}}],"collection":[{"href":"https:\/\/hospitalalliancegroup.com\/fr\/wp-json\/wp\/v2\/pages"}],"about":[{"href":"https:\/\/hospitalalliancegroup.com\/fr\/wp-json\/wp\/v2\/types\/page"}],"author":[{"embeddable":true,"href":"https:\/\/hospitalalliancegroup.com\/fr\/wp-json\/wp\/v2\/users\/1"}],"replies":[{"embeddable":true,"href":"https:\/\/hospitalalliancegroup.com\/fr\/wp-json\/wp\/v2\/comments?post=3158"}],"version-history":[{"count":2,"href":"https:\/\/hospitalalliancegroup.com\/fr\/wp-json\/wp\/v2\/pages\/3158\/revisions"}],"predecessor-version":[{"id":3162,"href":"https:\/\/hospitalalliancegroup.com\/fr\/wp-json\/wp\/v2\/pages\/3158\/revisions\/3162"}],"wp:attachment":[{"href":"https:\/\/hospitalalliancegroup.com\/fr\/wp-json\/wp\/v2\/media?parent=3158"}],"curies":[{"name":"wp","href":"https:\/\/api.w.org\/{rel}","templated":true}]}}