{"id":3185,"date":"2020-08-20T16:18:47","date_gmt":"2020-08-20T16:18:47","guid":{"rendered":"https:\/\/hospitalalliancegroup.com\/emplacements\/"},"modified":"2026-01-20T01:58:28","modified_gmt":"2026-01-20T01:58:28","slug":"emplacements","status":"publish","type":"page","link":"https:\/\/hospitalalliancegroup.com\/fr\/emplacements\/","title":{"rendered":"Emplacements"},"content":{"rendered":"<div class=\"wpb-content-wrapper\"><p>[vc_row parallax_speed=\u00a0\u00bb4&Prime; parallax_x=\u00a0\u00bb4&Prime; parallax_y=\u00a0\u00bb4&Prime; css=\u00a0\u00bb.vc_custom_1595053529844{padding-top: 70px !important;padding-bottom: 30px !important;}\u00a0\u00bb el_id=\u00a0\u00bbemplacements\u00a0\u00bb][vc_column][vc_row_inner][vc_column_inner]<div class=\"title-section  style3\">\n\t\t<h1 class=\"title\">\n\t\t\tEMPLACEMENTS\t\t\t\n\t\t<\/h1>\t\t\n\t\t\n\t\t\t<div class=\"title-content\">\n\t\t\t\t<p align=\"CENTER\">Une approche \u00e9prouv\u00e9e des troubles respiratoires li\u00e9s au sommeil, des tests et des traitements gr\u00e2ce aux partenariats avec les h\u00f4pitaux ruraux.<\/p>\n\n\t\t\t<\/div>\n\n\t<\/div>[vc_empty_space height=\u00a0\u00bb10&Prime;][\/vc_column_inner][\/vc_row_inner][vc_row_inner css=\u00a0\u00bb.vc_custom_1582115922048{padding-bottom: 50px !important;}\u00a0\u00bb][vc_column_inner width=\u00a0\u00bb1\/3&Prime; css=\u00a0\u00bb.vc_custom_1600181934206{padding-bottom: 50px !important;}\u00a0\u00bb][vc_custom_heading text=\u00a0\u00bbALLISTON SLEEP LAB\u00a0\u00bb font_container=\u00a0\u00bbtag:h3|text_align:left\u00a0\u00bb use_theme_fonts=\u00a0\u00bbyes\u00a0\u00bb][vc_column_text]<strong>Stevenson Memorial Hospital<\/strong><br \/>\n200 Fletcher Crescent, Alliston ON<br \/>T\u00e9l : 705-435-5800 | Fax: 705-435-5850<\/p>\n<p><\/p>\n<p>Stevenson est un \u00e9tablissement de sant\u00e9 progressiste situ\u00e9 \u00e0 New Tecumseth, desservant le sud de Simcoe et les communaut\u00e9s environnantes.[\/vc_column_text][vc_empty_space height=\u00a0\u00bb20&Prime;][vc_single_image image=\u00a0\u00bb3178&Prime; img_size=\u00a0\u00bb250&#215;61&Prime; onclick=\u00a0\u00bbcustom_link\u00a0\u00bb img_link_target=\u00a0\u00bb_blank\u00a0\u00bb link=\u00a0\u00bbhttp:\/\/www.stevensonhospital.ca\/\u00a0\u00bb][\/vc_column_inner][vc_column_inner width=\u00a0\u00bb1\/3&Prime; css=\u00a0\u00bb.vc_custom_1600181924846{padding-bottom: 50px !important;}\u00a0\u00bb][vc_custom_heading text=\u00a0\u00bbESPANOLA SLEEP LAB &amp; PULMONARY FUNCTION LAB\u00a0\u00bb font_container=\u00a0\u00bbtag:h3|text_align:left\u00a0\u00bb use_theme_fonts=\u00a0\u00bbyes\u00a0\u00bb][vc_column_text]<strong>Espanola Family Health Unit<br \/>\n<\/strong>801 McKinnon Drive, Espanola ON<br \/>T\u00e9l : 705-862-7809 | Fax: 705-862-7810<\/p>\n<p><\/p>\n<p>L\u2019H\u00f4pital et centre de sant\u00e9 r\u00e9gional d\u2019Espanola, le centre de soins de sant\u00e9 de la r\u00e9gion des contreforts de Lacloche, est un h\u00f4pital moderne \u00e0 la fine pointe de la technologie, desservant une population d\u2019environ 15 000 habitants.[\/vc_column_text][vc_empty_space height=\u00a0\u00bb20&Prime;][vc_single_image image=\u00a0\u00bb3179&Prime; img_size=\u00a0\u00bbmedium\u00a0\u00bb onclick=\u00a0\u00bbcustom_link\u00a0\u00bb img_link_target=\u00a0\u00bb_blank\u00a0\u00bb link=\u00a0\u00bbhttp:\/\/www.espanolaregionalhospital.ca\/\u00a0\u00bb][\/vc_column_inner][vc_column_inner width=\u00a0\u00bb1\/3&Prime;][vc_custom_heading text=\u00a0\u00bbHAWKESBURY SLEEP LAB\u00a0\u00bb font_container=\u00a0\u00bbtag:h3|text_align:left\u00a0\u00bb use_theme_fonts=\u00a0\u00bbyes\u00a0\u00bb][vc_column_text css=\u00a0\u00bb\u00a0\u00bb]<strong>Trillium Building<\/strong><br \/>\n1062 Ghislain Street, Unit 308, Hawkesbury ON<br \/>T\u00e9l : 343-363-5111 | Fax: 1-855-589-4400<\/p>\n<p><\/p>\n<p>L\u2019H\u00f4pital g\u00e9n\u00e9ral de Hawkesbury et district (HGH) offre des soins aux patients empreints de compassion, s\u00e9curitaires et de qualit\u00e9 aux r\u00e9sidents de Prescott-Russell, dans l\u2019est de l\u2019Ontario, ainsi qu\u2019aux r\u00e9gions environnantes.[\/vc_column_text][vc_empty_space height=\u00a0\u00bb15&Prime;][vc_empty_space height=\u00a0\u00bb5px\u00a0\u00bb][vc_single_image image=\u00a0\u00bb3180&Prime; img_size=\u00a0\u00bb100&#215;70&Prime; onclick=\u00a0\u00bbcustom_link\u00a0\u00bb img_link_target=\u00a0\u00bb_blank\u00a0\u00bb link=\u00a0\u00bbhttps:\/\/hgh.ca\/\u00a0\u00bb][\/vc_column_inner][\/vc_row_inner][vc_row_inner css=\u00a0\u00bb.vc_custom_1582115927019{padding-bottom: 35px !important;}\u00a0\u00bb][vc_column_inner width=\u00a0\u00bb1\/3&Prime; css=\u00a0\u00bb.vc_custom_1600181961116{padding-bottom: 50px !important;}\u00a0\u00bb][vc_custom_heading text=\u00a0\u00bbLINDSAY SLEEP LAB\u00a0\u00bb font_container=\u00a0\u00bbtag:h3|text_align:left\u00a0\u00bb use_theme_fonts=\u00a0\u00bbyes\u00a0\u00bb][vc_column_text]<strong>Ross Memorial Hospital<br \/>\n<\/strong>10 Angeline Street North, Lindsay ON<br \/>T\u00e9l : 705-878-4200 | Fax: 705-878-4250<\/p>\n<p><\/p>\n<p>Situ\u00e9 au c\u0153ur de la ville de Kawartha Lakes, l\u2019H\u00f4pital Ross Memorial est un h\u00f4pital communautaire actif de soins aigus, desservant plus de 80 000 r\u00e9sidents locaux et visiteurs saisonniers.[\/vc_column_text][vc_empty_space height=\u00a0\u00bb20&Prime;][vc_single_image image=\u00a0\u00bb3181&Prime; img_size=\u00a0\u00bb225&#215;58&Prime; onclick=\u00a0\u00bbcustom_link\u00a0\u00bb img_link_target=\u00a0\u00bb_blank\u00a0\u00bb link=\u00a0\u00bbhttps:\/\/www.rmh.org\/\u00a0\u00bb][\/vc_column_inner][vc_column_inner width=\u00a0\u00bb1\/3&Prime; css=\u00a0\u00bb.vc_custom_1600181968957{padding-bottom: 50px !important;}\u00a0\u00bb][vc_custom_heading text=\u00a0\u00bbPARRY SOUND SLEEP LAB\u00a0\u00bb font_container=\u00a0\u00bbtag:h3|text_align:left\u00a0\u00bb use_theme_fonts=\u00a0\u00bbyes\u00a0\u00bb css=\u00a0\u00bb\u00a0\u00bb][vc_column_text css=\u00a0\u00bb\u00a0\u00bb]<strong>West Parry Sound Health Centre<br \/>\n<\/strong>6 Albert Street, Parry Sound ON P2A 3A4<br \/>T\u00e9l: 705-746-4540 ext. 3310 or 3306<br \/>T\u00e9l\u00e9c. : 705-773-4087<\/p>\n<p><\/p>\n<p>Le Centre de sant\u00e9 de West Parry Sound est un organisme de soins de sant\u00e9 int\u00e9gr\u00e9 offrant des soins aux communaut\u00e9s rurales, des services ambulanciers de district et une gamme compl\u00e8te de programmes pour patients hospitalis\u00e9s et externes, associ\u00e9s \u00e0 un h\u00f4pital de soins aigus de 90 lits.[\/vc_column_text][vc_empty_space height=\u00a0\u00bb20&Prime;][vc_single_image image=\u00a0\u00bb3182&Prime; img_size=\u00a0\u00bb150X109&Prime; onclick=\u00a0\u00bbcustom_link\u00a0\u00bb img_link_target=\u00a0\u00bb_blank\u00a0\u00bb css=\u00a0\u00bb\u00a0\u00bb link=\u00a0\u00bbhttps:\/\/www.wpshc.com\/\u00a0\u00bb][\/vc_column_inner][vc_column_inner width=\u00a0\u00bb1\/3&Prime;][vc_custom_heading text=\u00a0\u00bbTIMMINS SLEEP LAB\u00a0\u00bb font_container=\u00a0\u00bbtag:h3|text_align:left\u00a0\u00bb use_theme_fonts=\u00a0\u00bbyes\u00a0\u00bb css=\u00a0\u00bb\u00a0\u00bb][vc_column_text]<strong>Timmins and District Hospital (Off-Site)<br \/>\n<\/strong>80 Mountjoy St. N., Timmins ON<br \/>T\u00e9l : 705-862-7809 | T\u00e9l\u00e9c. : 1-855-589-4400<\/p>\n<p><\/p>\n<p>L\u2019H\u00f4pital de Timmins et district (TADH) est un h\u00f4pital de niveau C, enti\u00e8rement accr\u00e9dit\u00e9 (Accreditation Canada), de r\u00e9f\u00e9rence et d\u2019enseignement, desservant les r\u00e9sidents de la ville de Timmins et du district de Cochrane ainsi que les r\u00e9gions adjacentes des districts de Temiskaming, Sudbury et Algoma.[\/vc_column_text][vc_empty_space height=\u00a0\u00bb15&Prime;][vc_single_image image=\u00a0\u00bb3183&Prime; img_size=\u00a0\u00bbmedium\u00a0\u00bb onclick=\u00a0\u00bbcustom_link\u00a0\u00bb img_link_target=\u00a0\u00bb_blank\u00a0\u00bb css=\u00a0\u00bb\u00a0\u00bb link=\u00a0\u00bbhttps:\/\/www.tadh.com\/\u00a0\u00bb][\/vc_column_inner][\/vc_row_inner][vc_row_inner css=\u00a0\u00bb.vc_custom_1582115927019{padding-bottom: 35px !important;}\u00a0\u00bb][vc_column_inner width=\u00a0\u00bb1\/3&Prime; css=\u00a0\u00bb.vc_custom_1600181961116{padding-bottom: 50px !important;}\u00a0\u00bb][vc_custom_heading text=\u00a0\u00bbTORONTO SLEEP LAB\u00a0\u00bb font_container=\u00a0\u00bbtag:h3|text_align:left\u00a0\u00bb use_theme_fonts=\u00a0\u00bbyes\u00a0\u00bb css=\u00a0\u00bb\u00a0\u00bb][vc_column_text css=\u00a0\u00bb\u00a0\u00bb]<strong>The Salvation Army Toronto Grace Health Centre<\/strong><br \/>650 Church St, Toronto ON M4Y 2G5<br \/>T\u00e9l : 613-389-4400 | T\u00e9l\u00e9c. : 1-855-589-4400<\/p>\n<p>Le Toronto Grace offre des soins sp\u00e9cialis\u00e9s et m\u00e9dicalement complexes aux personnes n\u00e9cessitant des soins continus complexes, de la r\u00e9adaptation post-aigu\u00eb et des soins palliatifs. Ses services complets jouent un r\u00f4le essentiel dans le soutien de la r\u00e9cup\u00e9ration des patients, la facilitation des transitions au sein du syst\u00e8me de sant\u00e9 et la possibilit\u00e9 pour les individus de retourner en toute s\u00e9curit\u00e9 \u00e0 leur domicile ou dans des \u00e9tablissements de soins de longue dur\u00e9e (SLD) au sein de leur communaut\u00e9.[\/vc_column_text][vc_empty_space height=\u00a0\u00bb20&Prime;][vc_single_image image=\u00a0\u00bb3184&Prime; img_size=\u00a0\u00bb275&#215;56&Prime; onclick=\u00a0\u00bbcustom_link\u00a0\u00bb img_link_target=\u00a0\u00bb_blank\u00a0\u00bb css=\u00a0\u00bb\u00a0\u00bb link=\u00a0\u00bbhttps:\/\/www.torontograce.org\/\u00a0\u00bb][\/vc_column_inner][vc_column_inner width=\u00a0\u00bb1\/3&Prime; css=\u00a0\u00bb.vc_custom_1600181968957{padding-bottom: 50px !important;}\u00a0\u00bb][vc_custom_heading text=\u00a0\u00bbWINCHESTER SLEEP LAB\u00a0\u00bb font_container=\u00a0\u00bbtag:h3|text_align:left\u00a0\u00bb use_theme_fonts=\u00a0\u00bbyes\u00a0\u00bb css=\u00a0\u00bb\u00a0\u00bb][vc_column_text css=\u00a0\u00bb\u00a0\u00bb]<strong>Winchester District Memorial Hospital<br \/><\/strong>Harvey Dillabough Building<strong><br \/><\/strong>550 Louise Street, Winchester ON<br \/>T\u00e9l : 613-774-9900 | T\u00e9l\u00e9c. : 613-774-9901<\/p>\n<p>L\u2019H\u00f4pital comm\u00e9moratif du district de Winchester (WDMH) est un h\u00f4pital d\u2019enseignement en milieu rural offrant des services m\u00e9dicaux et chirurgicaux pour patients hospitalis\u00e9s, ainsi que de la chirurgie ambulatoire et des cliniques sp\u00e9cialis\u00e9es externes. Le WDMH est \u00e9galement un centre de r\u00e9f\u00e9rence pour les soins du cancer, la dialyse et la chirurgie de la cataracte.[\/vc_column_text][vc_empty_space height=\u00a0\u00bb20&Prime;][vc_single_image image=\u00a0\u00bb3147&Prime; img_size=\u00a0\u00bb140X102&Prime; onclick=\u00a0\u00bbcustom_link\u00a0\u00bb img_link_target=\u00a0\u00bb_blank\u00a0\u00bb css=\u00a0\u00bb\u00a0\u00bb link=\u00a0\u00bbhttps:\/\/www.wdmh.on.ca\/\u00a0\u00bb][\/vc_column_inner][vc_column_inner width=\u00a0\u00bb1\/3&Prime;][vc_custom_heading text=\u00a0\u00bb\u00a0\u00bb font_container=\u00a0\u00bbtag:h3|text_align:left\u00a0\u00bb use_theme_fonts=\u00a0\u00bbyes\u00a0\u00bb css=\u00a0\u00bb\u00a0\u00bb][vc_column_text css=\u00a0\u00bb\u00a0\u00bb][\/vc_column_text][vc_empty_space height=\u00a0\u00bb15&Prime;][\/vc_column_inner][\/vc_row_inner][\/vc_column][\/vc_row]<\/p>\n<\/div>","protected":false},"excerpt":{"rendered":"<p>[vc_row parallax_speed=\u00a0\u00bb4&Prime; parallax_x=\u00a0\u00bb4&Prime; parallax_y=\u00a0\u00bb4&Prime; css=\u00a0\u00bb.vc_custom_1595053529844{padding-top: 70px !important;padding-bottom: 30px !important;}\u00a0\u00bb el_id=\u00a0\u00bbemplacements\u00a0\u00bb][vc_column][vc_row_inner][vc_column_inner][vc_empty_space height=\u00a0\u00bb10&Prime;][\/vc_column_inner][\/vc_row_inner][vc_row_inner css=\u00a0\u00bb.vc_custom_1582115922048{padding-bottom: 50px !important;}\u00a0\u00bb][vc_column_inner width=\u00a0\u00bb1\/3&Prime; css=\u00a0\u00bb.vc_custom_1600181934206{padding-bottom: 50px !important;}\u00a0\u00bb][vc_custom_heading text=\u00a0\u00bbALLISTON SLEEP LAB\u00a0\u00bb font_container=\u00a0\u00bbtag:h3|text_align:left\u00a0\u00bb use_theme_fonts=\u00a0\u00bbyes\u00a0\u00bb][vc_column_text]Stevenson Memorial Hospital 200 Fletcher Crescent, Alliston ONT\u00e9l : 705-435-5800 | Fax: 705-435-5850 Stevenson est un \u00e9tablissement de sant\u00e9 progressiste situ\u00e9 \u00e0 New Tecumseth, desservant le sud de Simcoe [&hellip;]<\/p>\n","protected":false},"author":1,"featured_media":0,"parent":0,"menu_order":0,"comment_status":"closed","ping_status":"closed","template":"tpl\/page_fullwidth.php","meta":{"footnotes":""},"class_list":["post-3185","page","type-page","status-publish","hentry"],"yoast_head":"<!-- This site is optimized with the Yoast SEO plugin v24.4 - https:\/\/yoast.com\/wordpress\/plugins\/seo\/ -->\n<title>Emplacements - Hospital Alliance Group<\/title>\n<meta name=\"robots\" content=\"index, follow, max-snippet:-1, max-image-preview:large, max-video-preview:-1\" \/>\n<link rel=\"canonical\" href=\"https:\/\/hospitalalliancegroup.com\/fr\/emplacements\/\" \/>\n<meta property=\"og:locale\" content=\"fr_FR\" \/>\n<meta property=\"og:type\" content=\"article\" \/>\n<meta property=\"og:title\" content=\"Emplacements - Hospital Alliance Group\" \/>\n<meta property=\"og:description\" content=\"[vc_row parallax_speed=\u00a0\u00bb4&Prime; parallax_x=\u00a0\u00bb4&Prime; parallax_y=\u00a0\u00bb4&Prime; css=\u00a0\u00bb.vc_custom_1595053529844{padding-top: 70px !important;padding-bottom: 30px !important;}\u00a0\u00bb el_id=\u00a0\u00bbemplacements\u00a0\u00bb][vc_column][vc_row_inner][vc_column_inner][vc_empty_space height=\u00a0\u00bb10&Prime;][\/vc_column_inner][\/vc_row_inner][vc_row_inner css=\u00a0\u00bb.vc_custom_1582115922048{padding-bottom: 50px !important;}\u00a0\u00bb][vc_column_inner width=\u00a0\u00bb1\/3&Prime; css=\u00a0\u00bb.vc_custom_1600181934206{padding-bottom: 50px !important;}\u00a0\u00bb][vc_custom_heading text=\u00a0\u00bbALLISTON SLEEP LAB\u00a0\u00bb font_container=\u00a0\u00bbtag:h3|text_align:left\u00a0\u00bb use_theme_fonts=\u00a0\u00bbyes\u00a0\u00bb][vc_column_text]Stevenson Memorial Hospital 200 Fletcher Crescent, Alliston ONT\u00e9l : 705-435-5800 | Fax: 705-435-5850 Stevenson est un \u00e9tablissement de sant\u00e9 progressiste situ\u00e9 \u00e0 New Tecumseth, desservant le sud de Simcoe [&hellip;]\" \/>\n<meta property=\"og:url\" content=\"https:\/\/hospitalalliancegroup.com\/fr\/emplacements\/\" \/>\n<meta property=\"og:site_name\" content=\"Hospital Alliance Group\" \/>\n<meta property=\"article:modified_time\" content=\"2026-01-20T01:58:28+00:00\" \/>\n<meta name=\"twitter:card\" content=\"summary_large_image\" \/>\n<meta name=\"twitter:label1\" content=\"Dur\u00e9e de lecture estim\u00e9e\" \/>\n\t<meta name=\"twitter:data1\" content=\"6 minutes\" \/>\n<script type=\"application\/ld+json\" class=\"yoast-schema-graph\">{\"@context\":\"https:\/\/schema.org\",\"@graph\":[{\"@type\":\"WebPage\",\"@id\":\"https:\/\/hospitalalliancegroup.com\/fr\/emplacements\/\",\"url\":\"https:\/\/hospitalalliancegroup.com\/fr\/emplacements\/\",\"name\":\"Emplacements - Hospital Alliance Group\",\"isPartOf\":{\"@id\":\"https:\/\/hospitalalliancegroup.com\/fr\/#website\"},\"datePublished\":\"2020-08-20T16:18:47+00:00\",\"dateModified\":\"2026-01-20T01:58:28+00:00\",\"breadcrumb\":{\"@id\":\"https:\/\/hospitalalliancegroup.com\/fr\/emplacements\/#breadcrumb\"},\"inLanguage\":\"fr-FR\",\"potentialAction\":[{\"@type\":\"ReadAction\",\"target\":[\"https:\/\/hospitalalliancegroup.com\/fr\/emplacements\/\"]}]},{\"@type\":\"BreadcrumbList\",\"@id\":\"https:\/\/hospitalalliancegroup.com\/fr\/emplacements\/#breadcrumb\",\"itemListElement\":[{\"@type\":\"ListItem\",\"position\":1,\"name\":\"Home\",\"item\":\"https:\/\/hospitalalliancegroup.com\/fr\/accueil\/\"},{\"@type\":\"ListItem\",\"position\":2,\"name\":\"Emplacements\"}]},{\"@type\":\"WebSite\",\"@id\":\"https:\/\/hospitalalliancegroup.com\/fr\/#website\",\"url\":\"https:\/\/hospitalalliancegroup.com\/fr\/\",\"name\":\"Hospital Alliance Group\",\"description\":\"\",\"potentialAction\":[{\"@type\":\"SearchAction\",\"target\":{\"@type\":\"EntryPoint\",\"urlTemplate\":\"https:\/\/hospitalalliancegroup.com\/fr\/?s={search_term_string}\"},\"query-input\":{\"@type\":\"PropertyValueSpecification\",\"valueRequired\":true,\"valueName\":\"search_term_string\"}}],\"inLanguage\":\"fr-FR\"}]}<\/script>\n<!-- \/ Yoast SEO plugin. -->","yoast_head_json":{"title":"Emplacements - Hospital Alliance Group","robots":{"index":"index","follow":"follow","max-snippet":"max-snippet:-1","max-image-preview":"max-image-preview:large","max-video-preview":"max-video-preview:-1"},"canonical":"https:\/\/hospitalalliancegroup.com\/fr\/emplacements\/","og_locale":"fr_FR","og_type":"article","og_title":"Emplacements - Hospital Alliance Group","og_description":"[vc_row parallax_speed=\u00a0\u00bb4&Prime; parallax_x=\u00a0\u00bb4&Prime; parallax_y=\u00a0\u00bb4&Prime; css=\u00a0\u00bb.vc_custom_1595053529844{padding-top: 70px !important;padding-bottom: 30px !important;}\u00a0\u00bb el_id=\u00a0\u00bbemplacements\u00a0\u00bb][vc_column][vc_row_inner][vc_column_inner][vc_empty_space height=\u00a0\u00bb10&Prime;][\/vc_column_inner][\/vc_row_inner][vc_row_inner css=\u00a0\u00bb.vc_custom_1582115922048{padding-bottom: 50px !important;}\u00a0\u00bb][vc_column_inner width=\u00a0\u00bb1\/3&Prime; css=\u00a0\u00bb.vc_custom_1600181934206{padding-bottom: 50px !important;}\u00a0\u00bb][vc_custom_heading text=\u00a0\u00bbALLISTON SLEEP LAB\u00a0\u00bb font_container=\u00a0\u00bbtag:h3|text_align:left\u00a0\u00bb use_theme_fonts=\u00a0\u00bbyes\u00a0\u00bb][vc_column_text]Stevenson Memorial Hospital 200 Fletcher Crescent, Alliston ONT\u00e9l : 705-435-5800 | Fax: 705-435-5850 Stevenson est un \u00e9tablissement de sant\u00e9 progressiste situ\u00e9 \u00e0 New Tecumseth, desservant le sud de Simcoe [&hellip;]","og_url":"https:\/\/hospitalalliancegroup.com\/fr\/emplacements\/","og_site_name":"Hospital Alliance Group","article_modified_time":"2026-01-20T01:58:28+00:00","twitter_card":"summary_large_image","twitter_misc":{"Dur\u00e9e de lecture estim\u00e9e":"6 minutes"},"schema":{"@context":"https:\/\/schema.org","@graph":[{"@type":"WebPage","@id":"https:\/\/hospitalalliancegroup.com\/fr\/emplacements\/","url":"https:\/\/hospitalalliancegroup.com\/fr\/emplacements\/","name":"Emplacements - Hospital Alliance Group","isPartOf":{"@id":"https:\/\/hospitalalliancegroup.com\/fr\/#website"},"datePublished":"2020-08-20T16:18:47+00:00","dateModified":"2026-01-20T01:58:28+00:00","breadcrumb":{"@id":"https:\/\/hospitalalliancegroup.com\/fr\/emplacements\/#breadcrumb"},"inLanguage":"fr-FR","potentialAction":[{"@type":"ReadAction","target":["https:\/\/hospitalalliancegroup.com\/fr\/emplacements\/"]}]},{"@type":"BreadcrumbList","@id":"https:\/\/hospitalalliancegroup.com\/fr\/emplacements\/#breadcrumb","itemListElement":[{"@type":"ListItem","position":1,"name":"Home","item":"https:\/\/hospitalalliancegroup.com\/fr\/accueil\/"},{"@type":"ListItem","position":2,"name":"Emplacements"}]},{"@type":"WebSite","@id":"https:\/\/hospitalalliancegroup.com\/fr\/#website","url":"https:\/\/hospitalalliancegroup.com\/fr\/","name":"Hospital Alliance Group","description":"","potentialAction":[{"@type":"SearchAction","target":{"@type":"EntryPoint","urlTemplate":"https:\/\/hospitalalliancegroup.com\/fr\/?s={search_term_string}"},"query-input":{"@type":"PropertyValueSpecification","valueRequired":true,"valueName":"search_term_string"}}],"inLanguage":"fr-FR"}]}},"_links":{"self":[{"href":"https:\/\/hospitalalliancegroup.com\/fr\/wp-json\/wp\/v2\/pages\/3185","targetHints":{"allow":["GET"]}}],"collection":[{"href":"https:\/\/hospitalalliancegroup.com\/fr\/wp-json\/wp\/v2\/pages"}],"about":[{"href":"https:\/\/hospitalalliancegroup.com\/fr\/wp-json\/wp\/v2\/types\/page"}],"author":[{"embeddable":true,"href":"https:\/\/hospitalalliancegroup.com\/fr\/wp-json\/wp\/v2\/users\/1"}],"replies":[{"embeddable":true,"href":"https:\/\/hospitalalliancegroup.com\/fr\/wp-json\/wp\/v2\/comments?post=3185"}],"version-history":[{"count":3,"href":"https:\/\/hospitalalliancegroup.com\/fr\/wp-json\/wp\/v2\/pages\/3185\/revisions"}],"predecessor-version":[{"id":3199,"href":"https:\/\/hospitalalliancegroup.com\/fr\/wp-json\/wp\/v2\/pages\/3185\/revisions\/3199"}],"wp:attachment":[{"href":"https:\/\/hospitalalliancegroup.com\/fr\/wp-json\/wp\/v2\/media?parent=3185"}],"curies":[{"name":"wp","href":"https:\/\/api.w.org\/{rel}","templated":true}]}}