{"id":3200,"date":"2017-02-06T04:19:19","date_gmt":"2017-02-06T04:19:19","guid":{"rendered":"https:\/\/hospitalalliancegroup.com\/contact\/"},"modified":"2026-03-11T18:24:32","modified_gmt":"2026-03-11T18:24:32","slug":"contact","status":"publish","type":"page","link":"https:\/\/hospitalalliancegroup.com\/fr\/contact\/","title":{"rendered":"Contact"},"content":{"rendered":"<div class=\"wpb-content-wrapper\"><p>[vc_row][vc_column][vc_empty_space height=\u00a0\u00bb35px\u00a0\u00bb]<div class=\"title-section  style1\">\n\t\t<h1 class=\"title\">\n\t\t\tContactez-nous\t\t\t\n\t\t<\/h1>\t\t\n\t\t\n\n\t<\/div>[vc_empty_space height=\u00a0\u00bb10px\u00a0\u00bb][\/vc_column][\/vc_row][vc_row parallax_speed=\u00a0\u00bb4&Prime; parallax_x=\u00a0\u00bb4&Prime; parallax_y=\u00a0\u00bb4&Prime; css=\u00a0\u00bb.vc_custom_1595338176523{padding-top: 50px !important;}\u00a0\u00bb el_class=\u00a0\u00bbflat-contact-form\u00a0\u00bb][vc_column width=\u00a0\u00bb4\/12&Prime;][vc_column_text css=\u00a0\u00bb\u00a0\u00bb]<\/p>\n<h5>Si\u00e8ge social<\/h5>\n<p>Hospital Alliance Group<br \/>(Exploit\u00e9 par 1802299 Ontario Limited))<br \/>764 Baker Crescent, Unit B<br \/>Kingston Ontario K7M 6P6[\/vc_column_text][vc_empty_space height=\u00a0\u00bb35px\u00a0\u00bb][vc_column_text]<\/p>\n<h5>Num\u00e9ro de t\u00e9l\u00e9phone<\/h5>\n<p>T: 613.389.4400<br \/>F: 613.389.4450[\/vc_column_text][vc_empty_space height=\u00a0\u00bb35px\u00a0\u00bb][vc_column_text]<\/p>\n<h5>Adresse courriel<\/h5>\n<p>headoffice@hospitalalliancegroup.com[\/vc_column_text][\/vc_column][vc_column width=\u00a0\u00bb8\/12&Prime;][vc_empty_space]\n<div class=\"wpcf7 no-js\" id=\"wpcf7-f3296-o1\" lang=\"fr-FR\" dir=\"ltr\" data-wpcf7-id=\"3296\">\n<div class=\"screen-reader-response\"><p role=\"status\" aria-live=\"polite\" aria-atomic=\"true\"><\/p> <ul><\/ul><\/div>\n<form action=\"\/fr\/wp-json\/wp\/v2\/pages\/3200#wpcf7-f3296-o1\" method=\"post\" class=\"wpcf7-form init\" aria-label=\"Formulaire de contact\" novalidate=\"novalidate\" data-status=\"init\">\n<div style=\"display: none;\">\n<input type=\"hidden\" name=\"_wpcf7\" value=\"3296\" \/>\n<input type=\"hidden\" name=\"_wpcf7_version\" value=\"6.0.3\" \/>\n<input type=\"hidden\" name=\"_wpcf7_locale\" value=\"fr_FR\" \/>\n<input type=\"hidden\" name=\"_wpcf7_unit_tag\" value=\"wpcf7-f3296-o1\" \/>\n<input type=\"hidden\" name=\"_wpcf7_container_post\" value=\"0\" \/>\n<input type=\"hidden\" name=\"_wpcf7_posted_data_hash\" value=\"\" \/>\n<\/div>\n<div class=\"flat-wrap-field clearfix\">\n\t<p><span class=\"wpcf7-form-control-wrap\" data-name=\"your-name\"><input size=\"40\" maxlength=\"400\" class=\"wpcf7-form-control wpcf7-text wpcf7-validates-as-required\" aria-required=\"true\" aria-invalid=\"false\" placeholder=\"Nom\" value=\"\" type=\"text\" name=\"your-name\" \/><\/span><br \/>\n<span class=\"wpcf7-form-control-wrap\" data-name=\"your-email\"><input size=\"40\" maxlength=\"400\" class=\"wpcf7-form-control wpcf7-email wpcf7-validates-as-required wpcf7-text wpcf7-validates-as-email\" aria-required=\"true\" aria-invalid=\"false\" placeholder=\"Courriel\" value=\"\" type=\"email\" name=\"your-email\" \/><\/span><br \/>\n<span class=\"wpcf7-form-control-wrap\" data-name=\"your-subject\"><input size=\"40\" maxlength=\"400\" class=\"wpcf7-form-control wpcf7-text wpcf7-validates-as-required\" aria-required=\"true\" aria-invalid=\"false\" placeholder=\"Objet\" value=\"\" type=\"text\" name=\"your-subject\" \/><\/span><span class=\"wpcf7-form-control-wrap\" data-name=\"your-message\"><textarea cols=\"40\" rows=\"10\" maxlength=\"2000\" class=\"wpcf7-form-control wpcf7-textarea\" aria-invalid=\"false\" placeholder=\"Message\" name=\"your-message\"><\/textarea><\/span><span class=\"wpcf7-form-control-wrap kc_captcha\" data-name=\"kc_captcha\"><span class=\"wpcf7-form-control wpcf7-radio\"><span class=\"captcha-image\" ><span class=\"cf7ic_instructions\">Svp prouvez que vous \u00eates un humain en s\u00e9lectionnant<span> L'Arbre<\/span>.<\/span><label><input aria-label=\"1\" type=\"radio\" name=\"kc_captcha\" value=\"bot\" \/><svg width=\"50\" height=\"50\" aria-hidden=\"true\" role=\"img\" xmlns=\"http:\/\/www.w3.org\/2000\/svg\" viewBox=\"0 0 640 512\"><path fill=\"currentColor\" d=\"M192 384h192c53 0 96-43 96-96h32a128 128 0 000-256H120c-13 0-24 11-24 24v232c0 53 43 96 96 96zM512 96a64 64 0 010 128h-32V96h32zm48 384H48c-47 0-61-64-36-64h584c25 0 11 64-36 64z\"\/><\/svg><\/label><label><input aria-label=\"2\" type=\"radio\" name=\"kc_captcha\" value=\"bot\" \/><svg width=\"50\" height=\"50\" aria-hidden=\"true\" role=\"img\" xmlns=\"http:\/\/www.w3.org\/2000\/svg\" viewBox=\"0 0 512 512\"><path fill=\"currentColor\" d=\"M512 176a176 176 0 01-209 173l-24 27a24 24 0 01-18 8h-37v40c0 13-11 24-24 24h-40v40c0 13-11 24-24 24H24c-13 0-24-11-24-24v-78c0-6 3-13 7-17l162-162a176 176 0 11343-55zm-176-48a48 48 0 1096 0 48 48 0 00-96 0z\"\/><\/svg><\/label><label><input aria-label=\"3\" type=\"radio\" name=\"kc_captcha\" value=\"kc_human\" \/><svg width=\"50\" height=\"50\" aria-hidden=\"true\" role=\"img\" xmlns=\"http:\/\/www.w3.org\/2000\/svg\" viewBox=\"0 0 384 512\"><path fill=\"currentColor\" d=\"M377 375l-83-87h34c21 0 32-25 17-40l-82-88h33c21 0 32-25 18-40L210 8c-10-11-26-11-36 0L70 120c-14 15-3 40 18 40h33l-82 88c-15 15-4 40 17 40h34L7 375c-15 16-4 41 17 41h120c0 33-11 49-34 68-12 9-5 28 10 28h144c15 0 22-19 10-28-20-16-34-32-34-68h120c21 0 32-25 17-41z\"\/><\/svg><\/label>\r\n    <\/span>\r\n    <span style=\"display:none\">\r\n        <input type=\"text\" name=\"kc_honeypot\">\r\n    <\/span><\/span><\/span>\n\t<\/p>\n\t<p><input class=\"wpcf7-form-control wpcf7-submit has-spinner\" type=\"submit\" value=\"Envoyer le message\" \/>\n\t<\/p>\n<\/div><p style=\"display: none !important;\" class=\"akismet-fields-container\" data-prefix=\"_wpcf7_ak_\"><label>&#916;<textarea name=\"_wpcf7_ak_hp_textarea\" cols=\"45\" rows=\"8\" maxlength=\"100\"><\/textarea><\/label><input type=\"hidden\" id=\"ak_js_1\" name=\"_wpcf7_ak_js\" value=\"231\"\/><script>document.getElementById( \"ak_js_1\" ).setAttribute( \"value\", ( new Date() ).getTime() );<\/script><\/p><input type='hidden' class='wpcf7-pum' value='{\"closepopup\":false,\"closedelay\":0,\"openpopup\":false,\"openpopup_id\":0}' \/><div class=\"wpcf7-response-output\" aria-hidden=\"true\"><\/div>\n<\/form>\n<\/div>\n[\/vc_column][\/vc_row][vc_row][vc_column][vc_empty_space height=\u00a0\u00bb35px\u00a0\u00bb]<div class=\"title-section  style1\">\n\t\t<h1 class=\"title\">\n\t\t\tWe invite your feedback\t\t\t\n\t\t<\/h1>\t\t\n\t\t\n\n\t<\/div>[vc_empty_space height=\u00a0\u00bb35px\u00a0\u00bb][vc_raw_html]PHA+PHNjcmlwdD4oZnVuY3Rpb24odCxlLHMsbil7dmFyIG8sYSxjO3QuU01DWD10LlNNQ1h8fFtdLGUuZ2V0RWxlbWVudEJ5SWQobil8fChvPWUuZ2V0RWxlbWVudHNCeVRhZ05hbWUocyksYT1vW28ubGVuZ3RoLTFdLGM9ZS5jcmVhdGVFbGVtZW50KHMpLGMudHlwZT0idGV4dC9qYXZhc2NyaXB0IixjLmFzeW5jPSEwLGMuaWQ9bixjLnNyYz0iaHR0cHM6Ly93aWRnZXQuc3VydmV5bW9ua2V5LmNvbS9jb2xsZWN0L3dlYnNpdGUvanMvdFJhaUVUcW5MZ2o3NThoVEJhemdkeFNlbFpNSVduR3lUNXAwYjNic1UyNFJJZ1YyamtLRDRWTkNGbHNqR0JqWi5qcyIsYS5wYXJlbnROb2RlLmluc2VydEJlZm9yZShjLGEpKX0pKHdpbmRvdyxkb2N1bWVudCwic2NyaXB0Iiwic21jeC1zZGsiKTs8L3NjcmlwdD48L3A+[\/vc_raw_html][\/vc_column][\/vc_row][vc_row full_width=\u00a0\u00bbstretch_row_content_no_spaces\u00a0\u00bb disable_element=\u00a0\u00bbyes\u00a0\u00bb parallax_speed=\u00a0\u00bb4&Prime; parallax_x=\u00a0\u00bb4&Prime; parallax_y=\u00a0\u00bb4&Prime;][vc_column]<div class=\"flat-maps\" data-address=\"Th\u00e0nh ph\u1ed1 New York, Ti\u1ec3u bang New York\" data-height=\"455\" data-images=\"https:\/\/hospitalalliancegroup.com\/wp-content\/uploads\/2017\/03\/map-1.png\" data-name=\"Themesflat Map\">\n        <div id=\"map\"><\/div>\n    \t<\/div><!-- \/.flat-maps -->[\/vc_column][\/vc_row][vc_row full_width=\u00a0\u00bbstretch_row\u00a0\u00bb content_placement=\u00a0\u00bbmiddle\u00a0\u00bb parallax_speed=\u00a0\u00bb4&Prime; parallax_x=\u00a0\u00bb4&Prime; parallax_y=\u00a0\u00bb4&Prime; css=\u00a0\u00bb.vc_custom_1727405873174{padding-top: 10px !important;padding-bottom: 10px !important;background-color: #f7f7f7 !important;}\u00a0\u00bb][vc_column][vc_row_inner content_placement=\u00a0\u00bbmiddle\u00a0\u00bb css=\u00a0\u00bb.vc_custom_1581689530125{background-color: #f7f7f7 !important;}\u00a0\u00bb][vc_column_inner][vc_single_image image=\u00a0\u00bb3120&Prime; img_size=\u00a0\u00bbFull\u00a0\u00bb alignment=\u00a0\u00bbcenter\u00a0\u00bb css=\u00a0\u00bb\u00a0\u00bb][\/vc_column_inner][\/vc_row_inner][\/vc_column][\/vc_row]<\/p>\n<\/div>","protected":false},"excerpt":{"rendered":"<p>[vc_row][vc_column][vc_empty_space height=\u00a0\u00bb35px\u00a0\u00bb][vc_empty_space height=\u00a0\u00bb10px\u00a0\u00bb][\/vc_column][\/vc_row][vc_row parallax_speed=\u00a0\u00bb4&Prime; parallax_x=\u00a0\u00bb4&Prime; parallax_y=\u00a0\u00bb4&Prime; css=\u00a0\u00bb.vc_custom_1595338176523{padding-top: 50px !important;}\u00a0\u00bb el_class=\u00a0\u00bbflat-contact-form\u00a0\u00bb][vc_column width=\u00a0\u00bb4\/12&Prime;][vc_column_text css=\u00a0\u00bb\u00a0\u00bb] Si\u00e8ge social Hospital Alliance Group(Exploit\u00e9 par 1802299 Ontario Limited))764 Baker Crescent, Unit BKingston Ontario K7M 6P6[\/vc_column_text][vc_empty_space height=\u00a0\u00bb35px\u00a0\u00bb][vc_column_text] Num\u00e9ro de t\u00e9l\u00e9phone T: 613.389.4400F: 613.389.4450[\/vc_column_text][vc_empty_space height=\u00a0\u00bb35px\u00a0\u00bb][vc_column_text] Adresse courriel headoffice@hospitalalliancegroup.com[\/vc_column_text][\/vc_column][vc_column width=\u00a0\u00bb8\/12&Prime;][vc_empty_space][\/vc_column][\/vc_row][vc_row][vc_column][vc_empty_space height=\u00a0\u00bb35px\u00a0\u00bb][vc_empty_space height=\u00a0\u00bb35px\u00a0\u00bb][vc_raw_html]PHA+PHNjcmlwdD4oZnVuY3Rpb24odCxlLHMsbil7dmFyIG8sYSxjO3QuU01DWD10LlNNQ1h8fFtdLGUuZ2V0RWxlbWVudEJ5SWQobil8fChvPWUuZ2V0RWxlbWVudHNCeVRhZ05hbWUocyksYT1vW28ubGVuZ3RoLTFdLGM9ZS5jcmVhdGVFbGVtZW50KHMpLGMudHlwZT0idGV4dC9qYXZhc2NyaXB0IixjLmFzeW5jPSEwLGMuaWQ9bixjLnNyYz0iaHR0cHM6Ly93aWRnZXQuc3VydmV5bW9ua2V5LmNvbS9jb2xsZWN0L3dlYnNpdGUvanMvdFJhaUVUcW5MZ2o3NThoVEJhemdkeFNlbFpNSVduR3lUNXAwYjNic1UyNFJJZ1YyamtLRDRWTkNGbHNqR0JqWi5qcyIsYS5wYXJlbnROb2RlLmluc2VydEJlZm9yZShjLGEpKX0pKHdpbmRvdyxkb2N1bWVudCwic2NyaXB0Iiwic21jeC1zZGsiKTs8L3NjcmlwdD48L3A+[\/vc_raw_html][\/vc_column][\/vc_row][vc_row full_width=\u00a0\u00bbstretch_row_content_no_spaces\u00a0\u00bb disable_element=\u00a0\u00bbyes\u00a0\u00bb parallax_speed=\u00a0\u00bb4&Prime; parallax_x=\u00a0\u00bb4&Prime; parallax_y=\u00a0\u00bb4&Prime;][vc_column][\/vc_column][\/vc_row][vc_row full_width=\u00a0\u00bbstretch_row\u00a0\u00bb content_placement=\u00a0\u00bbmiddle\u00a0\u00bb parallax_speed=\u00a0\u00bb4&Prime; parallax_x=\u00a0\u00bb4&Prime; [&hellip;]<\/p>\n","protected":false},"author":1,"featured_media":0,"parent":0,"menu_order":0,"comment_status":"closed","ping_status":"closed","template":"tpl\/page_fullwidth.php","meta":{"footnotes":""},"class_list":["post-3200","page","type-page","status-publish","hentry"],"yoast_head":"<!-- This site is optimized with the Yoast SEO plugin v24.4 - https:\/\/yoast.com\/wordpress\/plugins\/seo\/ -->\n<title>Contact - Hospital Alliance Group<\/title>\n<meta name=\"robots\" content=\"index, follow, max-snippet:-1, max-image-preview:large, max-video-preview:-1\" \/>\n<link rel=\"canonical\" href=\"https:\/\/hospitalalliancegroup.com\/fr\/contact\/\" \/>\n<meta property=\"og:locale\" content=\"fr_FR\" \/>\n<meta property=\"og:type\" content=\"article\" \/>\n<meta property=\"og:title\" content=\"Contact - Hospital Alliance Group\" \/>\n<meta property=\"og:description\" content=\"[vc_row][vc_column][vc_empty_space height=\u00a0\u00bb35px\u00a0\u00bb][vc_empty_space height=\u00a0\u00bb10px\u00a0\u00bb][\/vc_column][\/vc_row][vc_row parallax_speed=\u00a0\u00bb4&Prime; parallax_x=\u00a0\u00bb4&Prime; parallax_y=\u00a0\u00bb4&Prime; css=\u00a0\u00bb.vc_custom_1595338176523{padding-top: 50px !important;}\u00a0\u00bb el_class=\u00a0\u00bbflat-contact-form\u00a0\u00bb][vc_column width=\u00a0\u00bb4\/12&Prime;][vc_column_text css=\u00a0\u00bb\u00a0\u00bb] Si\u00e8ge social Hospital Alliance Group(Exploit\u00e9 par 1802299 Ontario Limited))764 Baker Crescent, Unit BKingston Ontario K7M 6P6[\/vc_column_text][vc_empty_space height=\u00a0\u00bb35px\u00a0\u00bb][vc_column_text] Num\u00e9ro de t\u00e9l\u00e9phone T: 613.389.4400F: 613.389.4450[\/vc_column_text][vc_empty_space height=\u00a0\u00bb35px\u00a0\u00bb][vc_column_text] Adresse courriel headoffice@hospitalalliancegroup.com[\/vc_column_text][\/vc_column][vc_column width=\u00a0\u00bb8\/12&Prime;][vc_empty_space][\/vc_column][\/vc_row][vc_row][vc_column][vc_empty_space height=\u00a0\u00bb35px\u00a0\u00bb][vc_empty_space height=\u00a0\u00bb35px\u00a0\u00bb][vc_raw_html]PHA+PHNjcmlwdD4oZnVuY3Rpb24odCxlLHMsbil7dmFyIG8sYSxjO3QuU01DWD10LlNNQ1h8fFtdLGUuZ2V0RWxlbWVudEJ5SWQobil8fChvPWUuZ2V0RWxlbWVudHNCeVRhZ05hbWUocyksYT1vW28ubGVuZ3RoLTFdLGM9ZS5jcmVhdGVFbGVtZW50KHMpLGMudHlwZT0idGV4dC9qYXZhc2NyaXB0IixjLmFzeW5jPSEwLGMuaWQ9bixjLnNyYz0iaHR0cHM6Ly93aWRnZXQuc3VydmV5bW9ua2V5LmNvbS9jb2xsZWN0L3dlYnNpdGUvanMvdFJhaUVUcW5MZ2o3NThoVEJhemdkeFNlbFpNSVduR3lUNXAwYjNic1UyNFJJZ1YyamtLRDRWTkNGbHNqR0JqWi5qcyIsYS5wYXJlbnROb2RlLmluc2VydEJlZm9yZShjLGEpKX0pKHdpbmRvdyxkb2N1bWVudCwic2NyaXB0Iiwic21jeC1zZGsiKTs8L3NjcmlwdD48L3A+[\/vc_raw_html][\/vc_column][\/vc_row][vc_row full_width=\u00a0\u00bbstretch_row_content_no_spaces\u00a0\u00bb disable_element=\u00a0\u00bbyes\u00a0\u00bb parallax_speed=\u00a0\u00bb4&Prime; parallax_x=\u00a0\u00bb4&Prime; parallax_y=\u00a0\u00bb4&Prime;][vc_column][\/vc_column][\/vc_row][vc_row full_width=\u00a0\u00bbstretch_row\u00a0\u00bb content_placement=\u00a0\u00bbmiddle\u00a0\u00bb parallax_speed=\u00a0\u00bb4&Prime; parallax_x=\u00a0\u00bb4&Prime; [&hellip;]\" \/>\n<meta property=\"og:url\" content=\"https:\/\/hospitalalliancegroup.com\/fr\/contact\/\" \/>\n<meta property=\"og:site_name\" content=\"Hospital Alliance Group\" \/>\n<meta property=\"article:modified_time\" content=\"2026-03-11T18:24:32+00:00\" \/>\n<meta name=\"twitter:card\" content=\"summary_large_image\" \/>\n<meta name=\"twitter:label1\" content=\"Dur\u00e9e de lecture estim\u00e9e\" \/>\n\t<meta name=\"twitter:data1\" content=\"2 minutes\" \/>\n<script type=\"application\/ld+json\" class=\"yoast-schema-graph\">{\"@context\":\"https:\/\/schema.org\",\"@graph\":[{\"@type\":\"WebPage\",\"@id\":\"https:\/\/hospitalalliancegroup.com\/fr\/contact\/\",\"url\":\"https:\/\/hospitalalliancegroup.com\/fr\/contact\/\",\"name\":\"Contact - Hospital Alliance Group\",\"isPartOf\":{\"@id\":\"https:\/\/hospitalalliancegroup.com\/fr\/#website\"},\"datePublished\":\"2017-02-06T04:19:19+00:00\",\"dateModified\":\"2026-03-11T18:24:32+00:00\",\"breadcrumb\":{\"@id\":\"https:\/\/hospitalalliancegroup.com\/fr\/contact\/#breadcrumb\"},\"inLanguage\":\"fr-FR\",\"potentialAction\":[{\"@type\":\"ReadAction\",\"target\":[\"https:\/\/hospitalalliancegroup.com\/fr\/contact\/\"]}]},{\"@type\":\"BreadcrumbList\",\"@id\":\"https:\/\/hospitalalliancegroup.com\/fr\/contact\/#breadcrumb\",\"itemListElement\":[{\"@type\":\"ListItem\",\"position\":1,\"name\":\"Home\",\"item\":\"https:\/\/hospitalalliancegroup.com\/fr\/accueil\/\"},{\"@type\":\"ListItem\",\"position\":2,\"name\":\"Contact\"}]},{\"@type\":\"WebSite\",\"@id\":\"https:\/\/hospitalalliancegroup.com\/fr\/#website\",\"url\":\"https:\/\/hospitalalliancegroup.com\/fr\/\",\"name\":\"Hospital Alliance Group\",\"description\":\"\",\"potentialAction\":[{\"@type\":\"SearchAction\",\"target\":{\"@type\":\"EntryPoint\",\"urlTemplate\":\"https:\/\/hospitalalliancegroup.com\/fr\/?s={search_term_string}\"},\"query-input\":{\"@type\":\"PropertyValueSpecification\",\"valueRequired\":true,\"valueName\":\"search_term_string\"}}],\"inLanguage\":\"fr-FR\"}]}<\/script>\n<!-- \/ Yoast SEO plugin. -->","yoast_head_json":{"title":"Contact - Hospital Alliance Group","robots":{"index":"index","follow":"follow","max-snippet":"max-snippet:-1","max-image-preview":"max-image-preview:large","max-video-preview":"max-video-preview:-1"},"canonical":"https:\/\/hospitalalliancegroup.com\/fr\/contact\/","og_locale":"fr_FR","og_type":"article","og_title":"Contact - Hospital Alliance Group","og_description":"[vc_row][vc_column][vc_empty_space height=\u00a0\u00bb35px\u00a0\u00bb][vc_empty_space height=\u00a0\u00bb10px\u00a0\u00bb][\/vc_column][\/vc_row][vc_row parallax_speed=\u00a0\u00bb4&Prime; parallax_x=\u00a0\u00bb4&Prime; parallax_y=\u00a0\u00bb4&Prime; css=\u00a0\u00bb.vc_custom_1595338176523{padding-top: 50px !important;}\u00a0\u00bb el_class=\u00a0\u00bbflat-contact-form\u00a0\u00bb][vc_column width=\u00a0\u00bb4\/12&Prime;][vc_column_text css=\u00a0\u00bb\u00a0\u00bb] Si\u00e8ge social Hospital Alliance Group(Exploit\u00e9 par 1802299 Ontario Limited))764 Baker Crescent, Unit BKingston Ontario K7M 6P6[\/vc_column_text][vc_empty_space height=\u00a0\u00bb35px\u00a0\u00bb][vc_column_text] Num\u00e9ro de t\u00e9l\u00e9phone T: 613.389.4400F: 613.389.4450[\/vc_column_text][vc_empty_space height=\u00a0\u00bb35px\u00a0\u00bb][vc_column_text] Adresse courriel headoffice@hospitalalliancegroup.com[\/vc_column_text][\/vc_column][vc_column width=\u00a0\u00bb8\/12&Prime;][vc_empty_space][\/vc_column][\/vc_row][vc_row][vc_column][vc_empty_space height=\u00a0\u00bb35px\u00a0\u00bb][vc_empty_space height=\u00a0\u00bb35px\u00a0\u00bb][vc_raw_html]PHA+PHNjcmlwdD4oZnVuY3Rpb24odCxlLHMsbil7dmFyIG8sYSxjO3QuU01DWD10LlNNQ1h8fFtdLGUuZ2V0RWxlbWVudEJ5SWQobil8fChvPWUuZ2V0RWxlbWVudHNCeVRhZ05hbWUocyksYT1vW28ubGVuZ3RoLTFdLGM9ZS5jcmVhdGVFbGVtZW50KHMpLGMudHlwZT0idGV4dC9qYXZhc2NyaXB0IixjLmFzeW5jPSEwLGMuaWQ9bixjLnNyYz0iaHR0cHM6Ly93aWRnZXQuc3VydmV5bW9ua2V5LmNvbS9jb2xsZWN0L3dlYnNpdGUvanMvdFJhaUVUcW5MZ2o3NThoVEJhemdkeFNlbFpNSVduR3lUNXAwYjNic1UyNFJJZ1YyamtLRDRWTkNGbHNqR0JqWi5qcyIsYS5wYXJlbnROb2RlLmluc2VydEJlZm9yZShjLGEpKX0pKHdpbmRvdyxkb2N1bWVudCwic2NyaXB0Iiwic21jeC1zZGsiKTs8L3NjcmlwdD48L3A+[\/vc_raw_html][\/vc_column][\/vc_row][vc_row full_width=\u00a0\u00bbstretch_row_content_no_spaces\u00a0\u00bb disable_element=\u00a0\u00bbyes\u00a0\u00bb parallax_speed=\u00a0\u00bb4&Prime; parallax_x=\u00a0\u00bb4&Prime; parallax_y=\u00a0\u00bb4&Prime;][vc_column][\/vc_column][\/vc_row][vc_row full_width=\u00a0\u00bbstretch_row\u00a0\u00bb content_placement=\u00a0\u00bbmiddle\u00a0\u00bb parallax_speed=\u00a0\u00bb4&Prime; parallax_x=\u00a0\u00bb4&Prime; [&hellip;]","og_url":"https:\/\/hospitalalliancegroup.com\/fr\/contact\/","og_site_name":"Hospital Alliance Group","article_modified_time":"2026-03-11T18:24:32+00:00","twitter_card":"summary_large_image","twitter_misc":{"Dur\u00e9e de lecture estim\u00e9e":"2 minutes"},"schema":{"@context":"https:\/\/schema.org","@graph":[{"@type":"WebPage","@id":"https:\/\/hospitalalliancegroup.com\/fr\/contact\/","url":"https:\/\/hospitalalliancegroup.com\/fr\/contact\/","name":"Contact - Hospital Alliance Group","isPartOf":{"@id":"https:\/\/hospitalalliancegroup.com\/fr\/#website"},"datePublished":"2017-02-06T04:19:19+00:00","dateModified":"2026-03-11T18:24:32+00:00","breadcrumb":{"@id":"https:\/\/hospitalalliancegroup.com\/fr\/contact\/#breadcrumb"},"inLanguage":"fr-FR","potentialAction":[{"@type":"ReadAction","target":["https:\/\/hospitalalliancegroup.com\/fr\/contact\/"]}]},{"@type":"BreadcrumbList","@id":"https:\/\/hospitalalliancegroup.com\/fr\/contact\/#breadcrumb","itemListElement":[{"@type":"ListItem","position":1,"name":"Home","item":"https:\/\/hospitalalliancegroup.com\/fr\/accueil\/"},{"@type":"ListItem","position":2,"name":"Contact"}]},{"@type":"WebSite","@id":"https:\/\/hospitalalliancegroup.com\/fr\/#website","url":"https:\/\/hospitalalliancegroup.com\/fr\/","name":"Hospital Alliance Group","description":"","potentialAction":[{"@type":"SearchAction","target":{"@type":"EntryPoint","urlTemplate":"https:\/\/hospitalalliancegroup.com\/fr\/?s={search_term_string}"},"query-input":{"@type":"PropertyValueSpecification","valueRequired":true,"valueName":"search_term_string"}}],"inLanguage":"fr-FR"}]}},"_links":{"self":[{"href":"https:\/\/hospitalalliancegroup.com\/fr\/wp-json\/wp\/v2\/pages\/3200","targetHints":{"allow":["GET"]}}],"collection":[{"href":"https:\/\/hospitalalliancegroup.com\/fr\/wp-json\/wp\/v2\/pages"}],"about":[{"href":"https:\/\/hospitalalliancegroup.com\/fr\/wp-json\/wp\/v2\/types\/page"}],"author":[{"embeddable":true,"href":"https:\/\/hospitalalliancegroup.com\/fr\/wp-json\/wp\/v2\/users\/1"}],"replies":[{"embeddable":true,"href":"https:\/\/hospitalalliancegroup.com\/fr\/wp-json\/wp\/v2\/comments?post=3200"}],"version-history":[{"count":7,"href":"https:\/\/hospitalalliancegroup.com\/fr\/wp-json\/wp\/v2\/pages\/3200\/revisions"}],"predecessor-version":[{"id":3327,"href":"https:\/\/hospitalalliancegroup.com\/fr\/wp-json\/wp\/v2\/pages\/3200\/revisions\/3327"}],"wp:attachment":[{"href":"https:\/\/hospitalalliancegroup.com\/fr\/wp-json\/wp\/v2\/media?parent=3200"}],"curies":[{"name":"wp","href":"https:\/\/api.w.org\/{rel}","templated":true}]}}