{"id":3204,"date":"2017-02-06T06:48:29","date_gmt":"2017-02-06T06:48:29","guid":{"rendered":"https:\/\/hospitalalliancegroup.com\/a-propos\/"},"modified":"2026-01-20T02:12:27","modified_gmt":"2026-01-20T02:12:27","slug":"a-propos","status":"publish","type":"page","link":"https:\/\/hospitalalliancegroup.com\/fr\/a-propos\/","title":{"rendered":"\u00c0 propos"},"content":{"rendered":"<div class=\"wpb-content-wrapper\"><p>[vc_row css=\u00a0\u00bb.vc_custom_1582117984383{padding-top: 35px !important;}\u00a0\u00bb][vc_column width=\u00a0\u00bb1\/4&Prime;][\/vc_column][vc_column width=\u00a0\u00bb1\/2&Prime;][vc_custom_heading text=\u00a0\u00bbPartenariat avec les h\u00f4pitaux pour am\u00e9liorer l\u2019acc\u00e8s aux services de sant\u00e9 pour les r\u00e9sidents des communaut\u00e9s ayant un acc\u00e8s limit\u00e9 aux soins.\u00a0\u00bb font_container=\u00a0\u00bbtag:p|text_align:center\u00a0\u00bb use_theme_fonts=\u00a0\u00bbyes\u00a0\u00bb][\/vc_column][vc_column width=\u00a0\u00bb1\/4&Prime;][\/vc_column][\/vc_row][vc_row css=\u00a0\u00bb.vc_custom_1582117813751{padding-top: 35px !important;padding-bottom: 35px !important;}\u00a0\u00bb][vc_column width=\u00a0\u00bb1\/3&Prime;][vc_custom_heading text=\u00a0\u00bbINNOVATION\u00a0\u00bb font_container=\u00a0\u00bbtag:h3|text_align:left\u00a0\u00bb use_theme_fonts=\u00a0\u00bbyes\u00a0\u00bb][vc_column_text]Application des avanc\u00e9es les plus r\u00e9centes au diagnostic et au traitement des troubles du sommeil<\/p>\n<p>[\/vc_column_text][\/vc_column][vc_column width=\u00a0\u00bb1\/3&Prime;][vc_custom_heading text=\u00a0\u00bbPARTENARIATS\u00a0\u00bb font_container=\u00a0\u00bbtag:h3|text_align:left\u00a0\u00bb use_theme_fonts=\u00a0\u00bbyes\u00a0\u00bb][vc_column_text]Services de consultation et de gestion adapt\u00e9s pour soutenir notre r\u00e9seau de partenaires en mati\u00e8re de services et de traitements.<\/p>\n<p>[\/vc_column_text][\/vc_column][vc_column width=\u00a0\u00bb1\/3&Prime;][vc_custom_heading text=\u00a0\u00bbEXP\u00c9RIENCE\u00a0\u00bb font_container=\u00a0\u00bbtag:h3|text_align:left\u00a0\u00bb use_theme_fonts=\u00a0\u00bbyes\u00a0\u00bb][vc_column_text]Une \u00e9quipe pluridisciplinaire et passionn\u00e9e de praticiens m\u00e9dicaux et de personnel de soutien, d\u00e9di\u00e9e \u00e0 l\u2019excellence des soins du sommeil<\/p>\n<p>[\/vc_column_text][\/vc_column][\/vc_row][vc_row css=\u00a0\u00bb.vc_custom_1582117991655{padding-bottom: 35px !important;}\u00a0\u00bb][vc_column][vc_custom_heading text=\u00a0\u00bbCE QUE NOUS FAISONS.\u00a0\u00bb font_container=\u00a0\u00bbtag:h3|text_align:left\u00a0\u00bb use_theme_fonts=\u00a0\u00bbyes\u00a0\u00bb][vc_column_text]Nous nous concentrons sur la r\u00e9alisation d\u2019\u00e9valuations diagnostiques effectu\u00e9es par des m\u00e9decins sp\u00e9cialistes chevronn\u00e9s et des professionnels de la sant\u00e9 alli\u00e9s exp\u00e9riment\u00e9s.<\/p>\n<p>Nos sp\u00e9cialistes en m\u00e9decine du sommeil cumulent plus de 30 ans d\u2019exp\u00e9rience en soins aigus, et notre \u00e9quipe de gestion, responsable des op\u00e9rations quotidiennes, collabore depuis plusieurs ann\u00e9es avec le personnel hospitalier pour offrir l\u2019acc\u00e8s \u00e0 ces services et \u00e0 d\u2019autres.[\/vc_column_text][\/vc_column][\/vc_row]<\/p>\n<\/div>","protected":false},"excerpt":{"rendered":"<p>[vc_row css=\u00a0\u00bb.vc_custom_1582117984383{padding-top: 35px !important;}\u00a0\u00bb][vc_column width=\u00a0\u00bb1\/4&Prime;][\/vc_column][vc_column width=\u00a0\u00bb1\/2&Prime;][vc_custom_heading text=\u00a0\u00bbPartenariat avec les h\u00f4pitaux pour am\u00e9liorer l\u2019acc\u00e8s aux services de sant\u00e9 pour les r\u00e9sidents des communaut\u00e9s ayant un acc\u00e8s limit\u00e9 aux soins.\u00a0\u00bb font_container=\u00a0\u00bbtag:p|text_align:center\u00a0\u00bb use_theme_fonts=\u00a0\u00bbyes\u00a0\u00bb][\/vc_column][vc_column width=\u00a0\u00bb1\/4&Prime;][\/vc_column][\/vc_row][vc_row css=\u00a0\u00bb.vc_custom_1582117813751{padding-top: 35px !important;padding-bottom: 35px !important;}\u00a0\u00bb][vc_column width=\u00a0\u00bb1\/3&Prime;][vc_custom_heading text=\u00a0\u00bbINNOVATION\u00a0\u00bb font_container=\u00a0\u00bbtag:h3|text_align:left\u00a0\u00bb use_theme_fonts=\u00a0\u00bbyes\u00a0\u00bb][vc_column_text]Application des avanc\u00e9es les plus r\u00e9centes au diagnostic et au traitement des [&hellip;]<\/p>\n","protected":false},"author":1,"featured_media":0,"parent":0,"menu_order":0,"comment_status":"closed","ping_status":"closed","template":"tpl\/page_fullwidth.php","meta":{"footnotes":""},"class_list":["post-3204","page","type-page","status-publish","hentry"],"yoast_head":"<!-- This site is optimized with the Yoast SEO plugin v24.4 - https:\/\/yoast.com\/wordpress\/plugins\/seo\/ -->\n<title>\u00c0 propos - Hospital Alliance Group<\/title>\n<meta name=\"robots\" content=\"index, follow, max-snippet:-1, max-image-preview:large, max-video-preview:-1\" \/>\n<link rel=\"canonical\" href=\"https:\/\/hospitalalliancegroup.com\/fr\/a-propos\/\" \/>\n<meta property=\"og:locale\" content=\"fr_FR\" \/>\n<meta property=\"og:type\" content=\"article\" \/>\n<meta property=\"og:title\" content=\"\u00c0 propos - Hospital Alliance Group\" \/>\n<meta property=\"og:description\" content=\"[vc_row css=\u00a0\u00bb.vc_custom_1582117984383{padding-top: 35px !important;}\u00a0\u00bb][vc_column width=\u00a0\u00bb1\/4&Prime;][\/vc_column][vc_column width=\u00a0\u00bb1\/2&Prime;][vc_custom_heading text=\u00a0\u00bbPartenariat avec les h\u00f4pitaux pour am\u00e9liorer l\u2019acc\u00e8s aux services de sant\u00e9 pour les r\u00e9sidents des communaut\u00e9s ayant un acc\u00e8s limit\u00e9 aux soins.\u00a0\u00bb font_container=\u00a0\u00bbtag:p|text_align:center\u00a0\u00bb use_theme_fonts=\u00a0\u00bbyes\u00a0\u00bb][\/vc_column][vc_column width=\u00a0\u00bb1\/4&Prime;][\/vc_column][\/vc_row][vc_row css=\u00a0\u00bb.vc_custom_1582117813751{padding-top: 35px !important;padding-bottom: 35px !important;}\u00a0\u00bb][vc_column width=\u00a0\u00bb1\/3&Prime;][vc_custom_heading text=\u00a0\u00bbINNOVATION\u00a0\u00bb font_container=\u00a0\u00bbtag:h3|text_align:left\u00a0\u00bb use_theme_fonts=\u00a0\u00bbyes\u00a0\u00bb][vc_column_text]Application des avanc\u00e9es les plus r\u00e9centes au diagnostic et au traitement des [&hellip;]\" \/>\n<meta property=\"og:url\" content=\"https:\/\/hospitalalliancegroup.com\/fr\/a-propos\/\" \/>\n<meta property=\"og:site_name\" content=\"Hospital Alliance Group\" \/>\n<meta property=\"article:modified_time\" content=\"2026-01-20T02:12:27+00:00\" \/>\n<meta name=\"twitter:card\" content=\"summary_large_image\" \/>\n<meta name=\"twitter:label1\" content=\"Dur\u00e9e de lecture estim\u00e9e\" \/>\n\t<meta name=\"twitter:data1\" content=\"2 minutes\" \/>\n<script type=\"application\/ld+json\" class=\"yoast-schema-graph\">{\"@context\":\"https:\/\/schema.org\",\"@graph\":[{\"@type\":\"WebPage\",\"@id\":\"https:\/\/hospitalalliancegroup.com\/fr\/a-propos\/\",\"url\":\"https:\/\/hospitalalliancegroup.com\/fr\/a-propos\/\",\"name\":\"\u00c0 propos - Hospital Alliance Group\",\"isPartOf\":{\"@id\":\"https:\/\/hospitalalliancegroup.com\/fr\/#website\"},\"datePublished\":\"2017-02-06T06:48:29+00:00\",\"dateModified\":\"2026-01-20T02:12:27+00:00\",\"breadcrumb\":{\"@id\":\"https:\/\/hospitalalliancegroup.com\/fr\/a-propos\/#breadcrumb\"},\"inLanguage\":\"fr-FR\",\"potentialAction\":[{\"@type\":\"ReadAction\",\"target\":[\"https:\/\/hospitalalliancegroup.com\/fr\/a-propos\/\"]}]},{\"@type\":\"BreadcrumbList\",\"@id\":\"https:\/\/hospitalalliancegroup.com\/fr\/a-propos\/#breadcrumb\",\"itemListElement\":[{\"@type\":\"ListItem\",\"position\":1,\"name\":\"Home\",\"item\":\"https:\/\/hospitalalliancegroup.com\/fr\/accueil\/\"},{\"@type\":\"ListItem\",\"position\":2,\"name\":\"\u00c0 propos\"}]},{\"@type\":\"WebSite\",\"@id\":\"https:\/\/hospitalalliancegroup.com\/fr\/#website\",\"url\":\"https:\/\/hospitalalliancegroup.com\/fr\/\",\"name\":\"Hospital Alliance Group\",\"description\":\"\",\"potentialAction\":[{\"@type\":\"SearchAction\",\"target\":{\"@type\":\"EntryPoint\",\"urlTemplate\":\"https:\/\/hospitalalliancegroup.com\/fr\/?s={search_term_string}\"},\"query-input\":{\"@type\":\"PropertyValueSpecification\",\"valueRequired\":true,\"valueName\":\"search_term_string\"}}],\"inLanguage\":\"fr-FR\"}]}<\/script>\n<!-- \/ Yoast SEO plugin. -->","yoast_head_json":{"title":"\u00c0 propos - Hospital Alliance Group","robots":{"index":"index","follow":"follow","max-snippet":"max-snippet:-1","max-image-preview":"max-image-preview:large","max-video-preview":"max-video-preview:-1"},"canonical":"https:\/\/hospitalalliancegroup.com\/fr\/a-propos\/","og_locale":"fr_FR","og_type":"article","og_title":"\u00c0 propos - Hospital Alliance Group","og_description":"[vc_row css=\u00a0\u00bb.vc_custom_1582117984383{padding-top: 35px !important;}\u00a0\u00bb][vc_column width=\u00a0\u00bb1\/4&Prime;][\/vc_column][vc_column width=\u00a0\u00bb1\/2&Prime;][vc_custom_heading text=\u00a0\u00bbPartenariat avec les h\u00f4pitaux pour am\u00e9liorer l\u2019acc\u00e8s aux services de sant\u00e9 pour les r\u00e9sidents des communaut\u00e9s ayant un acc\u00e8s limit\u00e9 aux soins.\u00a0\u00bb font_container=\u00a0\u00bbtag:p|text_align:center\u00a0\u00bb use_theme_fonts=\u00a0\u00bbyes\u00a0\u00bb][\/vc_column][vc_column width=\u00a0\u00bb1\/4&Prime;][\/vc_column][\/vc_row][vc_row css=\u00a0\u00bb.vc_custom_1582117813751{padding-top: 35px !important;padding-bottom: 35px !important;}\u00a0\u00bb][vc_column width=\u00a0\u00bb1\/3&Prime;][vc_custom_heading text=\u00a0\u00bbINNOVATION\u00a0\u00bb font_container=\u00a0\u00bbtag:h3|text_align:left\u00a0\u00bb use_theme_fonts=\u00a0\u00bbyes\u00a0\u00bb][vc_column_text]Application des avanc\u00e9es les plus r\u00e9centes au diagnostic et au traitement des [&hellip;]","og_url":"https:\/\/hospitalalliancegroup.com\/fr\/a-propos\/","og_site_name":"Hospital Alliance Group","article_modified_time":"2026-01-20T02:12:27+00:00","twitter_card":"summary_large_image","twitter_misc":{"Dur\u00e9e de lecture estim\u00e9e":"2 minutes"},"schema":{"@context":"https:\/\/schema.org","@graph":[{"@type":"WebPage","@id":"https:\/\/hospitalalliancegroup.com\/fr\/a-propos\/","url":"https:\/\/hospitalalliancegroup.com\/fr\/a-propos\/","name":"\u00c0 propos - Hospital Alliance Group","isPartOf":{"@id":"https:\/\/hospitalalliancegroup.com\/fr\/#website"},"datePublished":"2017-02-06T06:48:29+00:00","dateModified":"2026-01-20T02:12:27+00:00","breadcrumb":{"@id":"https:\/\/hospitalalliancegroup.com\/fr\/a-propos\/#breadcrumb"},"inLanguage":"fr-FR","potentialAction":[{"@type":"ReadAction","target":["https:\/\/hospitalalliancegroup.com\/fr\/a-propos\/"]}]},{"@type":"BreadcrumbList","@id":"https:\/\/hospitalalliancegroup.com\/fr\/a-propos\/#breadcrumb","itemListElement":[{"@type":"ListItem","position":1,"name":"Home","item":"https:\/\/hospitalalliancegroup.com\/fr\/accueil\/"},{"@type":"ListItem","position":2,"name":"\u00c0 propos"}]},{"@type":"WebSite","@id":"https:\/\/hospitalalliancegroup.com\/fr\/#website","url":"https:\/\/hospitalalliancegroup.com\/fr\/","name":"Hospital Alliance Group","description":"","potentialAction":[{"@type":"SearchAction","target":{"@type":"EntryPoint","urlTemplate":"https:\/\/hospitalalliancegroup.com\/fr\/?s={search_term_string}"},"query-input":{"@type":"PropertyValueSpecification","valueRequired":true,"valueName":"search_term_string"}}],"inLanguage":"fr-FR"}]}},"_links":{"self":[{"href":"https:\/\/hospitalalliancegroup.com\/fr\/wp-json\/wp\/v2\/pages\/3204","targetHints":{"allow":["GET"]}}],"collection":[{"href":"https:\/\/hospitalalliancegroup.com\/fr\/wp-json\/wp\/v2\/pages"}],"about":[{"href":"https:\/\/hospitalalliancegroup.com\/fr\/wp-json\/wp\/v2\/types\/page"}],"author":[{"embeddable":true,"href":"https:\/\/hospitalalliancegroup.com\/fr\/wp-json\/wp\/v2\/users\/1"}],"replies":[{"embeddable":true,"href":"https:\/\/hospitalalliancegroup.com\/fr\/wp-json\/wp\/v2\/comments?post=3204"}],"version-history":[{"count":2,"href":"https:\/\/hospitalalliancegroup.com\/fr\/wp-json\/wp\/v2\/pages\/3204\/revisions"}],"predecessor-version":[{"id":3207,"href":"https:\/\/hospitalalliancegroup.com\/fr\/wp-json\/wp\/v2\/pages\/3204\/revisions\/3207"}],"wp:attachment":[{"href":"https:\/\/hospitalalliancegroup.com\/fr\/wp-json\/wp\/v2\/media?parent=3204"}],"curies":[{"name":"wp","href":"https:\/\/api.w.org\/{rel}","templated":true}]}}